{"id":30,"date":"2022-05-31T10:09:45","date_gmt":"2022-05-31T10:09:45","guid":{"rendered":"https:\/\/endo-zuerich.ch\/?page_id=30"},"modified":"2026-03-10T15:14:47","modified_gmt":"2026-03-10T15:14:47","slug":"impressum-datenschutz","status":"publish","type":"page","link":"https:\/\/endo-zuerich.ch\/en\/impressum-datenschutz\/","title":{"rendered":"Legal &#038; Privacy"},"content":{"rendered":"<div class=\"wpb-content-wrapper\"><p>[vc_row row_height_percent=&#8221;0&#8243; override_padding=&#8221;yes&#8221; h_padding=&#8221;2&#8243; top_padding=&#8221;2&#8243; bottom_padding=&#8221;5&#8243; back_color=&#8221;color-xsdn&#8221; overlay_alpha=&#8221;0&#8243; gutter_size=&#8221;3&#8243; column_width_percent=&#8221;100&#8243; shift_y=&#8221;0&#8243; z_index=&#8221;0&#8243; uncode_shortcode_id=&#8221;311454&#8243; back_color_type=&#8221;uncode-palette&#8221;][vc_column column_width_use_pixel=&#8221;yes&#8221; gutter_size=&#8221;3&#8243; overlay_alpha=&#8221;50&#8243; shift_x=&#8221;0&#8243; shift_y=&#8221;0&#8243; shift_y_down=&#8221;0&#8243; z_index=&#8221;0&#8243; medium_width=&#8221;0&#8243; mobile_width=&#8221;0&#8243; width=&#8221;1\/1&#8243; uncode_shortcode_id=&#8221;738911&#8243; column_width_pixel=&#8221;800&#8243;][vc_column_text text_lead=&#8221;small&#8221; uncode_shortcode_id=&#8221;388983&#8243;]<\/p>\n<h1>Impressum<\/h1>\n<h2>Firma<\/h2>\n<p>Verantwortliche Stelle im Sinne des Datenschutzgesetzes ist f\u00fcr die Webseite<br \/>\n<a href=\"https:\/\/endo-zuerich.ch\">endo-zuerich.ch<\/a><\/p>\n<p>Endo Z\u00fcrich<br \/>\nPD Dr. med. dent. Dan-Krister Rechenberg<br \/>\nOberdorfstrasse 2, 8001 Z\u00fcrich, Schweiz<\/p>\n<p>&nbsp;<\/p>\n<h2>Kontakt<\/h2>\n<p>Anfragen sind zu stellen an:<\/p>\n<p><a href=\"mailto:mail@endo-zuerich.ch\">mail@endo-zuerich.ch<\/a> \/ <a href=\"tel:+41442120111\">+41 44 212 01 11<\/a><\/p>\n<p>&nbsp;<\/p>\n<h2>Brand, Fotografie, Web Design &amp; Umsetzung<\/h2>\n<p><a href=\"http:\/\/mirjamherrmann.com\" target=\"_blank\" rel=\"noopener\">Mirjam Herrmann<\/a><br \/>\nBrand \u27e1 Foto \u27e1 Web, Z\u00fcrich<\/p>\n<p>&nbsp;<\/p>\n<h2>Copyright 2026 \u00a9 Endo Z\u00fcrich<\/h2>\n<p>Alle Inhalte, insbesondere Fotografien, Texte und Grafiken sind urheberrechtlich gesch\u00fctzt. Alle Rechte, einschliesslich der Vervielf\u00e4ltigung, Ver\u00f6ffentlichung, Bearbeitung und \u00dcbersetzung, bleiben vorbehalten.<\/p>\n<p>Fu\u0308r die Reproduktion jeglicher Elemente ist die schriftliche Zustimmung vom Webseiten-Betreiber im voraus einzuholen. Wer ohne Einwilligung des jeweiligen Rechteinhabers eine Urheberrechtsverletzung begeht, kann sich strafbar und allenfalls Schadenersatzpflichtig machen.<\/p>\n<p>&nbsp;<\/p>\n<h1>Datenschutzerkl\u00e4rung<\/h1>\n<h2>Wichtig<\/h2>\n<p><strong>Aus Gr\u00fcnden des Datenschutzes bitte ich Sie, ohne ausdr\u00fcckliche Einwilligung Ihrer Patient:innen, keine Daten per Fax oder unverschl\u00fcsselter E-Mail zu \u00fcbermitteln. Sie haben die M\u00f6glichkeit zum gesicherten elektronischen Datenaustausch \u00fcber unser Online-Formular oder \u00fcber die gesicherte HIN E-Mail: <a href=\"endo-zuerich@sso-hin.ch\">endo-zuerich@sso-hin.ch<\/a>.<\/strong><\/p>\n<h2>Allgemein<\/h2>\n<p>Wir nehmen den Schutz Ihrer pers\u00f6nlichen Daten sehr ernst. Wir behandeln Ihre personenbezogenen Daten vertraulich und entsprechend der gesetzlichen Schweizer Datenschutzbestimmungen, der Europ\u00e4ischen Datenschutz-Grundverordnung (DSGVO) sowie dieser Datenschutzerkl\u00e4rung. Die Nutzung unserer Website (endo-zuerich.ch) ist in der Regel ohne Angabe personenbezogener Daten m\u00f6glich. Soweit auf unserer Seite personenbezogene Daten (beispielsweise Name, Anschrift oder E-Mail-Adressen) erhoben werden, erfolgt dies stets auf freiwilliger Basis. Diese Daten werden ohne Ihre ausdr\u00fcckliche Zustimmung nicht an Dritte weitergegeben. Wir weisen darauf hin, dass die Daten\u00fcbertragung im Internet (z.B. bei der Kommunikation per E-Mail) Sicherheitsl\u00fccken aufweisen kann. Ein l\u00fcckenloser Schutz der Daten vor dem Zugriff durch Dritte ist nicht m\u00f6glich.<\/p>\n<p>Der Inhalt der gesamten Website endo-zuerich.ch dient ausschliesslich dem Zweck der Information und stellt keine zahnmedizinische oder sonstige Beratung dar. Wir lehnen jegliche Haftung f\u00fcr den Gebrauch der auf dieser Website vorhandenen Informationen ab.<\/p>\n<h2>Erfassung von allgemeinen Daten und Informationen<\/h2>\n<p>Mit jedem Aufruf der Website werden eine Reihe von allgemeinen Daten und Informationen erfasst. Diese allgemeinen Daten und Informationen werden in den Logfiles des Servers gespeichert. Erfasst werden k\u00f6nnen (1) die verwendeten Browsertypen und Versionen, (2) das vom zugreifenden System verwendete Betriebssystem, (3) die Website, von welcher ein zugreifendes System auf unsere Website gelangt (sogenannte Referrer), (4) die Unterwebseiten, welche \u00fcber ein zugreifendes System auf unserer Website angesteuert werden, (5) das Datum und die Uhrzeit eines Zugriffs auf die Website, (6) eine Internet-Protokoll-Adresse (IP-Adresse), (7) der Internet-Service-Provider des zugreifenden Systems und (8) sonstige \u00e4hnliche Daten und Informationen, die der Gefahrenabwehr im Falle von Angriffen auf unsere IT-Infrastruktur dienen.<\/p>\n<p>Diese Daten und Informationen werden ben\u00f6tigt, um (1) die Inhalte unserer Website korrekt darzustellen, (2) die Inhalte unserer Website zu optimieren, (3) die dauerhafte Funktionsf\u00e4higkeit unserer IT-Infrastruktur und der Technik unserer Website zu gew\u00e4hrleisten sowie um (4) im Falle eines Cyberangriffes den Strafverfolgungsbeh\u00f6rden die notwendigen Informationen bereitzustellen.<\/p>\n<p>Weiter kann unsere Zahnarztpraxis diese Daten und Informationen einerseits statistisch und ferner mit dem Ziel auswerten, den Datenschutz und die Datensicherheit ihrer IT-Infrastruktur zu erh\u00f6hen. Die erhobenen Daten und Informationen werden nur zu den eben erw\u00e4hnten Zwecken bearbeitet und werden anschliessend gel\u00f6scht.<\/p>\n<h2>Erhebung personenbezogener Daten<\/h2>\n<p>Grunds\u00e4tzlich erheben wir personenbezogene Daten nur, wenn sie f\u00fcr die Erbringung der konkreten Leistung erforderlich sind.<\/p>\n<p>Sie k\u00f6nnen unsere Seite besuchen, ohne Angaben zu Ihrer Person zu machen. Wir speichern lediglich Zugriffsdaten ohne Personenbezug wie z.B. den Namen Ihres Internet-Service-Providers und Ihres Internet-Browsers, die Seite, von der aus Sie uns besuchen, das Datum und die Dauer Ihres Besuches oder den Namen der angeforderten Datei. Diese Daten werden ausschlie\u00dflich zur Verbesserung unseres Angebotes ausgewertet und erlauben keinen R\u00fcckschluss auf Ihre Person.<\/p>\n<p>Personenbezogene Daten, die auf die Identit\u00e4t des Kunden hinweisen, wie Name, Adresse, Postanschrift, Telefonnummer oder E-Mail-Adresse, werden auf unseren Websites nur erhoben, wenn Sie uns diese bei Anmeldung zu einem Anlass freiwillig mitteilen oder wenn Sie die Kontakt-\/\u00dcberweisungs-Funktion der Webseite nutzen oder uns auf andere Weise, etwa per E-Mail, kontaktieren. Bei einem Anlass verwenden wir die von Ihnen mitgeteilten Daten ohne Ihre gesonderte Einwilligung ausschlie\u00dflich zur Erf\u00fcllung und Abwicklung Ihres Anlasses.<\/p>\n<h3>Nutzung personenbezogener Daten<\/h3>\n<h4>Pflichtfelder und freiwillige Angaben<\/h4>\n<p>Bitte beachten Sie, dass es bei allen Datenerhebungen \u00fcber die Website Pflichtfelder gibt. Diese sind mit einem Sternchen gekennzeichnet, eine Eingabe zur Bearbeitung Ihrer Anfrage ist erforderlich. Alle anderen Angaben sind freiwillig. Machen Sie auch bei den anderen Feldern Angaben, werden diese f\u00fcr informative oder statistische Zwecke und zur Verbesserung unseres Angebots ausgewertet.<\/p>\n<h4>Zweckgebundenheit<\/h4>\n<p>Personenbezogene Daten, die Sie uns \u00fcbermitteln, werden f\u00fcr die Zwecke verwendet, f\u00fcr welche Sie uns diese zugesendet haben.<\/p>\n<h3>Weitergabe personenbezogener Daten an Dritte<\/h3>\n<p>Es findet keine Weitergabe Ihrer Daten statt, es sei denn, wir sind rechtlich dazu verpflichtet (z.B. Anfrage einer Ermittlungsbeh\u00f6rde) oder berechtigt (z.B. im Rahmen einer Auftragsdatenverarbeitung), oder Sie haben einer Weitergabe an Dritte ausdr\u00fccklich zugestimmt. Eine Datenweitergabe an Dritte erfolgt insbesondere, soweit dies zur Vertragserf\u00fcllung und -abwicklung erforderlich ist. Auch diese Dritten werden bzw. sind selbstverst\u00e4ndlich verpflichtet, Ihre Daten zu sch\u00fctzen und sie nur f\u00fcr den genau vorgegebenen Zweck zu nutzen. Dar\u00fcber hinaus sind sie verpflichtet, die Daten gem\u00e4\u00df dieser Datenschutzerkl\u00e4rung und der geltenden Gesetzeslage zu behandeln.<\/p>\n<h3>Recht auf Auskunft, L\u00f6schung und Sperrung<\/h3>\n<p>Sie haben jederzeit das Recht auf unentgeltliche Auskunft \u00fcber Ihre gespeicherten personenbezogenen Daten, sowie ein Recht auf Berichtigung, Sperrung oder L\u00f6schung dieser Daten, sofern dies in Einklang mit geltendem Recht (z.B. Aufbewahrungspflicht) m\u00f6glich ist.<\/p>\n<h3>Datensicherheit<\/h3>\n<p>Ihre personenbezogenen Daten, die \u00fcber die Website mit uns ausgetauscht werden, werden grunds\u00e4tzlich in verschl\u00fcsselter Form \u00fcbertragen, die dem aktuellen Stand der Technik entspricht\u00a0(z. B. SSL) \u00fcber HTTPS. Wir sichern unsere Systeme durch technische und organisatorische Ma\u00dfnahmen gegen Verlust, Zerst\u00f6rung, Zugriff, Ver\u00e4nderung oder Verbreitung Ihrer Daten durch unbefugte Personen. Die Daten werden als Best\u00e4tigung der Anfrage per E-Mail an uns sowie an sie gesendet. Wir machen darauf aufmerksam, dass E-Mail stets unverschl\u00fcsselt versendet werden, ausser sie benutzen unsere verschl\u00fcsselte E-Mail-Adresse endo-zuerich@sso-hin.ch.<\/p>\n<h3>Verwendung von Cookies<\/h3>\n<p>Um den Besuch unserer Website attraktiv zu gestalten und die Nutzung bestimmter Funktionen zu erm\u00f6glichen, verwenden wir auf verschiedenen Seiten Cookies. Hierbei handelt es sich um kleine Textdateien mit Konfigurationsinformation, die auf Ihrem Endger\u00e4t abgelegt werden.<\/p>\n<p>Einige der von uns verwendeten Cookies werden nach dem Ende der Browser-Sitzung, also nach Schlie\u00dfen Ihres Browsers, wieder gel\u00f6scht (sog. Sitzungs-Cookies). Andere Cookies verbleiben auf Ihrem Endger\u00e4t und erm\u00f6glichen uns, Ihren Browser beim n\u00e4chsten Besuch wieder zu erkennen (persistente Cookies). Die durch den Cookie erzeugten Informationen \u00fcber Ihre Benutzung unserer Website werden nicht an Dritte weitergegeben. Sie haben jederzeit die M\u00f6glichkeit, lokal auf ihrem Rechner gespeicherte Cookies zu l\u00f6schen oder Ihren Browser so einzustellen, dass Sie \u00fcber das Setzen von Cookies informiert werden und einzeln \u00fcber deren Annahme entscheiden, oder die Annahme von Cookies f\u00fcr bestimmte F\u00e4lle oder generell auszuschlie\u00dfen. Bei der Nichtannahme von Cookies kann die Funktionalit\u00e4t unsere Website eingeschr\u00e4nkt sein.<\/p>\n<h3>Hinweise zu externen Links<\/h3>\n<p>Die Webseiten enthalten Verkn\u00fcpfungen zu Webseiten Dritter (\u201cexterne Links\u201c), auf deren Inhalt und Gestaltung wir keinen Einfluss haben. F\u00fcr die Inhalte und Richtigkeit der dort bereitgestellten Informationen ist allein der jeweilige Betreiber der verlinkten Website verantwortlich. Zum Zeitpunkt der Verlinkung waren uns keine Rechtsverst\u00f6\u00dfe erkennbar. Wir haben keinerlei Einfluss auf die aktuellen und zuk\u00fcnftigen Inhalte der verkn\u00fcpften Webseiten oder die dort geltenden Datenschutzerkl\u00e4rungen und lehnen jegliche Haftung ab. Das Setzen von externen Links bedeutet nicht, dass wir uns die unter den Links abrufbaren Inhalte Dritter zu Eigen machen. Eine Kontrolle und Pr\u00fcfung der externen Links sind uns ohne konkrete Hinweise auf m\u00f6gliche Rechtsverst\u00f6\u00dfe nicht zumutbar. Bei Kenntnis von Rechtsverst\u00f6\u00dfen werden jedoch derartige externe Links unverz\u00fcglich gel\u00f6scht.<\/p>\n<h3>Einbindung von Google Maps<\/h3>\n<p>Auf dieser Webseite nutzen wir das Angebot von Google Maps. Google Maps wird von Google LLC, 1600 Amphitheatre Parkway, Mountain View, CA 94043, USA (nachfolgend \u201eGoogle\u201c) betrieben. Dadurch k\u00f6nnen wir Ihnen interaktive Karten direkt in der Webseite anzeigen und erm\u00f6glichen Ihnen die komfortable Nutzung der Karten-Funktion.<\/p>\n<p>N\u00e4here Informationen \u00fcber die Datenverarbeitung durch Google k\u00f6nnen Sie den Google-Datenschutzhinweisen entnehmen. Dort k\u00f6nnen Sie im Datenschutzcenter auch Ihre pers\u00f6nlichen Datenschutz-Einstellungen ver\u00e4ndern.<\/p>\n<p>Durch den Besuch auf der Website erh\u00e4lt Google die Information, dass Sie die entsprechende Unterseite unserer Website aufgerufen haben. Zudem werden die beim Besuch unserer Website erhobenen Daten \u00fcbermittelt. Dies erfolgt unabh\u00e4ngig davon, ob Google ein Nutzerkonto bereitstellt, \u00fcber das Sie eingeloggt sind, oder ob kein Nutzerkonto besteht. Wenn Sie bei Google eingeloggt sind, werden Ihre Daten direkt Ihrem Konto zugeordnet. Wenn Sie die Zuordnung mit Ihrem Profil bei Google nicht w\u00fcnschen, m\u00fcssen Sie sich vor Aktivierung des Buttons ausloggen. Google speichert Ihre Daten als Nutzungsprofile und nutzt sie f\u00fcr Zwecke der Werbung, Marktforschung und\/oder bedarfsgerechten Gestaltung seiner Website. Eine solche Auswertung erfolgt insbesondere (selbst f\u00fcr nicht eingeloggte Nutzer) zur Erbringung von bedarfsgerechter Werbung und um andere Nutzer des sozialen Netzwerks \u00fcber Ihre Aktivit\u00e4ten auf unserer Website zu informieren. Ihnen steht ein Widerspruchsrecht zu gegen die Bildung dieser Nutzerprofile, wobei Sie sich zur Aus\u00fcbung dessen an Google richten m\u00fcssen.<\/p>\n<p>Weitere Informationen zu Zweck und Umfang der Datenerhebung und ihrer Verarbeitung durch den Plug-in-Anbieter erhalten Sie in den Datenschutzerkl\u00e4rungen des Anbieters. Dort erhalten Sie auch weitere Informationen zu Ihren diesbez\u00fcglichen Rechten und Einstellungsm\u00f6glichkeiten zum Schutze Ihrer Privatsph\u00e4re:\u00a0<a href=\"http:\/\/www.google.de\/intl\/de\/policies\/privacy\">http:\/\/www.google.de\/intl\/de\/policies\/privacy<\/a>. Google verarbeitet Ihre personenbezogenen Daten auch in den USA und hat sich dem EU-US Privacy Shield unterworfen,<a href=\"https:\/\/www.privacyshield.gov\/EU-US-Framework\">\u00a0https:\/\/www.privacyshield.gov\/EU-US-Framework<\/a>.<\/p>\n<p>Die Zwecke der Datenverarbeitung liegen in der Auswertung der Nutzung der Website und in der Zusammenstellung von Reports \u00fcber Aktivit\u00e4ten auf der Website.<\/p>\n<p>Man hat die M\u00f6glichkeit, die Speicherung des Cookies auf einem Ger\u00e4t zu verhindern, indem man im Browser entsprechende Einstellungen vornimmt. Es ist nicht gew\u00e4hrleistet, dass alle Funktionen dieser Website ohne Einschr\u00e4nkungen funktionieren, wenn ein Browser keine Cookies zul\u00e4sst. Man hat die M\u00f6glichkeit durch ein <a href=\"https:\/\/tools.google.com\/dlpage\/gaoptout?hl=de\" target=\"_blank\" rel=\"noopener noreferrer\">Browser-Plugin<\/a> zu verhindern, dass die durch Cookies gesammelten Informationen (inklusive der IP-Adresse) an die Google Inc. gesendet und von der Google Inc. genutzt werden. Weitere Informationen zur <a href=\"https:\/\/support.google.com\/analytics\/answer\/6004245?hl=de\" target=\"_blank\" rel=\"noopener noreferrer\">Datennutzung durch die Google Inc<\/a>.<\/p>\n<h3>Hinweis betreffend Daten\u00fcbermittlungen in die USA<\/h3>\n<p>Aus Gr\u00fcnden der Vollst\u00e4ndigkeit weisen wir Sie darauf hin, dass f\u00fcr Nutzer mit Sitz in der Schweiz \u00dcberwachungsmassnahmen von US-Beh\u00f6rden bestehen, welche generell die Speicherung aller personenbezogenen Daten aus der Schweiz &#8211; welche in die USA \u00fcbermittelt wurden &#8211; erm\u00f6glicht.<\/p>\n<p>Dies geschieht ohne Differenzierung, Einschr\u00e4nkung oder Ausnahme anhand der verfolgten Ziele und ohne ein objektives Kriterium, das es erm\u00f6glicht, den Zugang der US-Beh\u00f6rden zu den Daten und deren sp\u00e4tere Nutzung auf ganz bestimmte, strikt begrenzte Zwecke zu beschr\u00e4nken, die mit dem Zugang zu diesen Daten als auch mit deren Nutzung verbundenen Eingriffe zu rechtfertigen verm\u00f6gen. Ausserdem weisen wir Sie darauf hin, dass in den USA f\u00fcr die betroffenen Personen aus der Schweiz, keine Rechtsbehelfe vorliegen, die es erlauben w\u00fcrden, Zugang zu den Sie betreffenden Daten zu erhalten und deren Berichtigung oder L\u00f6schung zu erwirken, resp. kein wirksamer gerichtlicher Rechtsschutz gegen generelle Zugriffsrechte von US-Beh\u00f6rden vorliegt. Wir weisen den Betroffenen explizit auf diese Rechts- und Sachlage hin, um eine entsprechend informierte Entscheidung zur Einwilligung in die Verwendung seiner Daten zu treffen.<\/p>\n<p>Nutzer mit Wohnsitz in einem Mitgliedstaat der EU weisen wir darauf hin, dass die USA aus Sicht der Europ\u00e4ischen Union nicht \u00fcber ein ausreichendes Datenschutzniveau verf\u00fcgt.<\/p>\n<h3>Einsatz von Social Media<\/h3>\n<p>Wir setzen keinerlei Social-Media-Plugins ein.<\/p>\n<h3>Formular-Handling und Datenspeicherung auf unserer Website<\/h3>\n<p>\u00dcber unser Online \u00dcberweisungsformular werden die Daten an unsere verschl\u00fcsselte E-Mail-Adresse (sso-hin.ch) gesendet und die Daten entsprechend weiterverarbeitet und gelagert. Der Webserver-Standort ist in der Schweiz.<\/p>\n<h3>Kommunikationsm\u00f6glichkeiten<\/h3>\n<p>Die Website unserer Zahnarztpraxis enth\u00e4lt gewisse Angaben, die eine schnelle elektronische Kontaktaufnahme sowie eine unmittelbare Kommunikation erm\u00f6glichen, was ebenfalls eine allgemeine E-Mail-Adresse umfasst. Nehmen Sie \u00fcber die auf unserer Website angebotenen Kommunikationsm\u00f6glichkeiten Kontakt mit uns auf, werden Ihre Kontaktangaben und Inhalte lediglich zur Bearbeitung und Beantwortung Ihrer Anfrage verwendet.<\/p>\n<p>Bitte beachten Sie: Es kann nicht sichergestellt werden, dass Ihre Dateien \u00fcber das Online \u00dcberweisungsformular vertraulich \u00fcbermittelt werden. Deshalb sollen bei dieser Kontaktaufnahme keine vertraulichen Daten (medizinische Anliegen etc.) \u00fcbermittelt werden. Ich bitte Sie, ohne ausdr\u00fcckliche Einwilligung Ihrer Patient:innen, keine Daten per Fax oder unverschl\u00fcsselter E-Mail zu \u00fcbermitteln. Sie haben die M\u00f6glichkeit zum gesicherten elektronischen Datenaustausch \u00fcber die gesicherte HIN E-Mail.<\/p>\n<h3 class=\"p1\"><b>Spamschutz mit Cloudflare Turnstile<\/b><\/h3>\n<p class=\"p1\">Unsere Website nutzt zur Absicherung von Formularen den Dienst <b>Cloudflare Turnstile<\/b>. Anbieter ist <b>Cloudflare, Inc.<\/b>, USA.<br \/>\nTurnstile pr\u00fcft, ob eine Eingabe durch einen Menschen oder durch ein automatisiertes Programm erfolgt, um Spam und Missbrauch zu verhindern.<br \/>\nDabei werden technische Informationen verarbeitet, wie IP-Adresse, Browser- und Ger\u00e4teinformationen sowie Verbindungsdaten. Diese Daten werden an Cloudflare \u00fcbermittelt und dort ausgewertet.<br \/>\nDie Verarbeitung erfolgt im berechtigten Interesse (Art. 6 Abs. 1 lit. f DSGVO \/ DSG). Weitere Informationen zur Datenverarbeitung durch Cloudflare finden Sie hier: <a href=\"https:\/\/www.cloudflare.com\/de-de\/privacypolicy\/\"><span class=\"s1\">Cloudflare Privacy Policy<\/span><\/a>.<\/p>\n<h3>Ihre Rechte<\/h3>\n<p>Gest\u00fctzt auf das Datenschutzgesetz haben Sie verschiedene Rechte wie beispielsweise ein Auskunftsrecht. Zur Geltendmachung Ihrer Rechte setzen Sie sich bitte mit uns in Verbindung. Wir stehen Ihnen f\u00fcr weitere diesbez\u00fcgliche Informationen gerne zur Verf\u00fcgung.<\/p>\n<h3>\u00c4nderungen der Datenschutzbestimmungen<\/h3>\n<p>Neue Datenschutzbestimmungen gelten ab dem Zeitpunkt ihres Inkrafttretens f\u00fcr zuk\u00fcnftige Kontakte mit uns. F\u00fcr bereits gespeicherte Daten gelten die bisherigen Datenschutzbestimmungen weiter, es sei denn, dies ist gesetzlich nicht zul\u00e4ssig.<\/p>\n<p>&nbsp;<\/p>\n<p><em>Datenschutzerkl\u00e4rung zuletzt aktualisiert am 10. M\u00e4rz 2026<\/em>[\/vc_column_text][\/vc_column][\/vc_row]<\/p>\n<\/div>","protected":false},"excerpt":{"rendered":"<p>It is important to us that your data remains protected at all times. Here you can find out all the details about the legal notice and data protection of the Endo Zurich dental practice.<\/p>\n","protected":false},"author":1,"featured_media":2389,"parent":0,"menu_order":0,"comment_status":"closed","ping_status":"closed","template":"","meta":{"footnotes":""},"class_list":["post-30","page","type-page","status-publish","has-post-thumbnail","hentry"],"_links":{"self":[{"href":"https:\/\/endo-zuerich.ch\/en\/wp-json\/wp\/v2\/pages\/30","targetHints":{"allow":["GET"]}}],"collection":[{"href":"https:\/\/endo-zuerich.ch\/en\/wp-json\/wp\/v2\/pages"}],"about":[{"href":"https:\/\/endo-zuerich.ch\/en\/wp-json\/wp\/v2\/types\/page"}],"author":[{"embeddable":true,"href":"https:\/\/endo-zuerich.ch\/en\/wp-json\/wp\/v2\/users\/1"}],"replies":[{"embeddable":true,"href":"https:\/\/endo-zuerich.ch\/en\/wp-json\/wp\/v2\/comments?post=30"}],"version-history":[{"count":41,"href":"https:\/\/endo-zuerich.ch\/en\/wp-json\/wp\/v2\/pages\/30\/revisions"}],"predecessor-version":[{"id":4523,"href":"https:\/\/endo-zuerich.ch\/en\/wp-json\/wp\/v2\/pages\/30\/revisions\/4523"}],"wp:featuredmedia":[{"embeddable":true,"href":"https:\/\/endo-zuerich.ch\/en\/wp-json\/wp\/v2\/media\/2389"}],"wp:attachment":[{"href":"https:\/\/endo-zuerich.ch\/en\/wp-json\/wp\/v2\/media?parent=30"}],"curies":[{"name":"wp","href":"https:\/\/api.w.org\/{rel}","templated":true}]}}